{"id":179,"date":"2018-12-21T13:23:19","date_gmt":"2018-12-21T11:23:19","guid":{"rendered":"http:\/\/dinamitzacio-social-digital.recursos.uoc.edu\/conceptes-claus\/?page_id=179"},"modified":"2026-02-09T11:29:31","modified_gmt":"2026-02-09T09:29:31","slug":"1-4-la-digitalizacion-y-nuevas-formas-de-relaciones-sociales","status":"publish","type":"page","link":"http:\/\/dinamitzacio-social-digital.recursos.uoc.edu\/conceptes-claus\/es\/1-4-la-digitalizacion-y-nuevas-formas-de-relaciones-sociales\/","title":{"rendered":"1.4. La digitalizaci\u00f3n y nuevas formas de relaciones sociales"},"content":{"rendered":"<p>Las TIC tienen una esencia social. La creaci\u00f3n de redes sociales en internet, el uso de la telefon\u00eda m\u00f3vil, el acceso a los videojuegos, etc. facilitan la interacci\u00f3n con las personas y originan nuevas formas de relaciones sociales y de ocio, con independencia de las circunstancias geogr\u00e1ficas o temporales. Pensemos, por ejemplo, en la posibilidad de hacer videollamadas,\u00a0 para conectar a personas o familias que se encuentran alejadas por su situaci\u00f3n geogr\u00e1fica. O en otro extremo, pensad c\u00f3mo se han popularizado las aplicaciones de internet para encontrar pareja.<\/p>\n<p>Al respecto, las plataformas que se utilizan en internet, como por ejemplo las redes sociales, entre muchos otros servicios que ofrece la red, van configurando una \u00abidentidad digital\u00bb de las personas, que puede ir desde la fotograf\u00eda que ponen en su perfil hasta las informaciones que proporcionan, as\u00ed como los contenidos con los cuales interact\u00faan en relaci\u00f3n con sus intereses y preferencias, o aquello que publican. Todo ello genera grandes cantidades de datos que se recogen &#8211;<a href=\"https:\/\/ca.wikipedia.org\/wiki\/Dades_massives\" target=\"_blank\" rel=\"noopener\">Big Data<\/a>-. En relaci\u00f3n con estos datos, hay que tener especialmente en cuenta aspectos como los <a href=\"https:\/\/www.ted.com\/talks\/eli_pariser_beware_online_filter_bubbles?language=es\" target=\"_blank\" rel=\"noopener\">filtros burbuja<\/a>\u00a0o <a href=\"https:\/\/moodle2024-25.ua.es\/moodle\/pluginfile.php\/6501\/mod_resource\/content\/20\/ia_e_identidad_digital.html\" target=\"_blank\" rel=\"noopener\">el impacto significativo que la IA y los algoritmos<\/a> tienen en esta identidad digital, y que puede escapar al control de las personas. Leed <a href=\"https:\/\/www.publico.es\/internacional\/eeuu\/aplicaciones-ice-localiza-detiene-personas-migrantes.html?utm_medium=social&amp;utm_campaign=Publico&amp;utm_source=Facebook&amp;fbclid=IwY2xjawP1MMVleHRuA2FlbQIxMQBzcnRjBmFwcF9pZA80MDk5NjI2MjMwODU2MDkAAR6KRE1wgxiG6alIKoWRNFUC8Ad6dgMfFwRJMCNInctjmUJq2MkEzj-aKBcjjQ_aem_8ULCIku2CX6qj64YPgxENA#Echobox=1770476630\">esta noticia<\/a> para ver hasta qu\u00e9 punto es controvertido.<\/p>\n<p>Es un tema importante, por eso, en 2024, la Uni\u00f3n Europea establici\u00f3 este <a href=\"https:\/\/eur-lex.europa.eu\/legal-content\/ES\/TXT\/HTML\/?uri=OJ:L_202401183\" target=\"_blank\" rel=\"noopener\">Reglamento sobre el Marco Europeo de Identidad Digital<\/a>. Tambi\u00e9n pod\u00e9is consultar <a href=\"https:\/\/digital-strategy.ec.europa.eu\/es\/policies\/virtual-worlds-digital-identity\" target=\"_blank\" rel=\"noopener\">este resumen<\/a>.<\/p>\n<p>As\u00ed pues, todas estas din\u00e1micas que se generan cuando nos relacionamos con las TIC <strong>no son iguales para todo el mundo<\/strong>. Del mismo modo que estos escenarios generan nuevas oportunidades, tambi\u00e9n pueden generar nuevas formas de desigualdad en cualquier \u00e1mbito, o replicar o amplificar las existentes. En este sentido, os recomendamos la lectura del estudio realizado por la Fundaci\u00f3 Ferrer i Gu\u00e0rdia: <a href=\"https:\/\/tecnihand-ferrerguardia.odoo.com\/ca_ES\/blog\/publicacions-3\/bretxes-digitals-70#blog_content\" target=\"_blank\" rel=\"noopener\"><em>Brechas digitales: nuevas expresiones de las desigualdades<\/em><em><u>. <\/u><\/em><\/a>Tambi\u00e9n pod\u00e9is consultar otros estudios recientes realizados por esta misma entidad respecto a las desigualdades y derechos en el entorno digital en <a href=\"https:\/\/www.ferrerguardia.org\/ca_ES\">este enlace<\/a>.<\/p>\n<p>Sobre discriminaci\u00f3n algor\u00edtmica y sus implicaciones, pod\u00e9is ampliar informaci\u00f3n en este <a href=\"https:\/\/datos.gob.es\/es\/blog\/invisibilizacion-y-discriminacion-algoritmica\" target=\"_blank\" rel=\"noopener\">art\u00edculo.<\/a><\/p>\n<p>Tambi\u00e9n os recomendamos echar una ojeada a la <a href=\"https:\/\/digital-strategy.ec.europa.eu\/es\/policies\/digital-principles\" target=\"_blank\" rel=\"noopener\">Declaraci\u00f3n Europea sobre los Derechos y principios digitales.<\/a><\/p>\n","protected":false},"excerpt":{"rendered":"<p>Las TIC tienen una esencia social. La creaci\u00f3n de redes sociales en internet, el uso de la telefon\u00eda m\u00f3vil, el acceso a los videojuegos, etc. facilitan la interacci\u00f3n con las personas y originan nuevas formas de relaciones sociales y de ocio, con independencia de las circunstancias geogr\u00e1ficas o temporales. Pensemos, por ejemplo, en la posibilidad [&hellip;]<\/p>\n","protected":false},"author":1,"featured_media":0,"parent":0,"menu_order":4,"comment_status":"closed","ping_status":"closed","template":"","meta":[],"_links":{"self":[{"href":"http:\/\/dinamitzacio-social-digital.recursos.uoc.edu\/conceptes-claus\/es\/wp-json\/wp\/v2\/pages\/179"}],"collection":[{"href":"http:\/\/dinamitzacio-social-digital.recursos.uoc.edu\/conceptes-claus\/es\/wp-json\/wp\/v2\/pages"}],"about":[{"href":"http:\/\/dinamitzacio-social-digital.recursos.uoc.edu\/conceptes-claus\/es\/wp-json\/wp\/v2\/types\/page"}],"author":[{"embeddable":true,"href":"http:\/\/dinamitzacio-social-digital.recursos.uoc.edu\/conceptes-claus\/es\/wp-json\/wp\/v2\/users\/1"}],"replies":[{"embeddable":true,"href":"http:\/\/dinamitzacio-social-digital.recursos.uoc.edu\/conceptes-claus\/es\/wp-json\/wp\/v2\/comments?post=179"}],"version-history":[{"count":16,"href":"http:\/\/dinamitzacio-social-digital.recursos.uoc.edu\/conceptes-claus\/es\/wp-json\/wp\/v2\/pages\/179\/revisions"}],"predecessor-version":[{"id":515,"href":"http:\/\/dinamitzacio-social-digital.recursos.uoc.edu\/conceptes-claus\/es\/wp-json\/wp\/v2\/pages\/179\/revisions\/515"}],"wp:attachment":[{"href":"http:\/\/dinamitzacio-social-digital.recursos.uoc.edu\/conceptes-claus\/es\/wp-json\/wp\/v2\/media?parent=179"}],"curies":[{"name":"wp","href":"https:\/\/api.w.org\/{rel}","templated":true}]}}