{"id":184,"date":"2018-12-21T13:29:00","date_gmt":"2018-12-21T11:29:00","guid":{"rendered":"http:\/\/dinamitzacio-social-digital.recursos.uoc.edu\/conceptes-claus\/?page_id=184"},"modified":"2026-02-09T11:36:50","modified_gmt":"2026-02-09T09:36:50","slug":"1-5-la-sociedad-digital-en-europa-y-espana","status":"publish","type":"page","link":"http:\/\/dinamitzacio-social-digital.recursos.uoc.edu\/conceptes-claus\/es\/1-5-la-sociedad-digital-en-europa-y-espana\/","title":{"rendered":"1.5. La sociedad digital en Europa y Espa\u00f1a"},"content":{"rendered":"<p>La Uni\u00f3n Europea elabora el \u00edndice denominado <strong>The Digital Economy and Society Index<\/strong> (DESI), integrado desde 2023 en el informe <a href=\"https:\/\/digital-decade-desi.digital-strategy.ec.europa.eu\/datasets\/desi\/charts\" target=\"_blank\" rel=\"noopener\"><em>State of the Digital Decade report,<\/em><\/a> que analiza los indicadores europeos de rendimiento digital y la evoluci\u00f3n de los Estados miembros de la Uni\u00f3n Europea en t\u00e9rminos de competitividad digital, supervisando los progresos hacia los objetivos digitales propuestos por la UE. Estos objetivos se concretan en el marco integral <a href=\"https:\/\/digital-strategy.ec.europa.eu\/en\/policies\/europes-digital-decade\" target=\"_blank\" rel=\"noopener\">Europe\u2019s Digital Decade<\/a> a partir de cuatro dimensiones: competencias digitales, infraestructuras digitales, digitalizaci\u00f3n de las empresas y digitalizaci\u00f3n de los servicios p\u00fablicos. Pod\u00e9is consultar los diferentes indicadores, as\u00ed como su evoluci\u00f3n y comparativas, <a href=\"https:\/\/digital-strategy.ec.europa.eu\/en\/library\/digital-decade-2025-desi-methodological-note\" target=\"_blank\" rel=\"noopener\">en este enlace.<\/a><\/p>\n<p>Al respecto, aunque se observa que buena parte de la poblaci\u00f3n europea utiliza internet con regularidad, todav\u00eda persisten algunas barreras. Por ejemplo, la falta de necesidad o inter\u00e9s, junto con otros factores como las habilidades insuficientes, los costos del equipamiento y las barreras relacionadas con los altos costos de conexi\u00f3n. Del mismo modo, estos indicadores tambi\u00e9n est\u00e1n fuertemente influenciados por diversos aspectos sociodemogr\u00e1ficos, como el nivel educativo, los ingresos econ\u00f3micos, la edad o el hecho de vivir en \u00e1reas rurales o urbanas.<\/p>\n<p>En Catalunya, <a href=\"https:\/\/www.tercersector.cat\/documents\/desconnectades-lindex-catala-de-bretxa-digital\">se ha elaborado este estudio de 2025 sobre el \u00edndice catal\u00e1n de brecha digital<\/a>, con diferentes datos y comparativas que muestran todos estos aspectos y su incidencia.<\/p>\n<p>Por su parte, <a href=\"https:\/\/portal.mineco.gob.es\/RecursosArticulo\/mineco\/ministerio\/ficheros\/EspanaDigital_2026.pdf\" target=\"_blank\" rel=\"noopener\">Espa\u00f1a Digital 2026<\/a> del gobierno espa\u00f1ol se presenta como una hoja de ruta para guiar la transformaci\u00f3n digital en Espa\u00f1a, en l\u00ednea con el marco propuesto por la UE. En \u00e9l se pueden consultar los diferentes planes de acci\u00f3n que van desde la digitalizaci\u00f3n de las empresas hasta los aspectos de capacitaci\u00f3n digital de la poblaci\u00f3n.<\/p>\n","protected":false},"excerpt":{"rendered":"<p>La Uni\u00f3n Europea elabora el \u00edndice denominado The Digital Economy and Society Index (DESI), integrado desde 2023 en el informe State of the Digital Decade report, que analiza los indicadores europeos de rendimiento digital y la evoluci\u00f3n de los Estados miembros de la Uni\u00f3n Europea en t\u00e9rminos de competitividad digital, supervisando los progresos hacia los [&hellip;]<\/p>\n","protected":false},"author":1,"featured_media":0,"parent":0,"menu_order":5,"comment_status":"closed","ping_status":"closed","template":"","meta":[],"_links":{"self":[{"href":"http:\/\/dinamitzacio-social-digital.recursos.uoc.edu\/conceptes-claus\/es\/wp-json\/wp\/v2\/pages\/184"}],"collection":[{"href":"http:\/\/dinamitzacio-social-digital.recursos.uoc.edu\/conceptes-claus\/es\/wp-json\/wp\/v2\/pages"}],"about":[{"href":"http:\/\/dinamitzacio-social-digital.recursos.uoc.edu\/conceptes-claus\/es\/wp-json\/wp\/v2\/types\/page"}],"author":[{"embeddable":true,"href":"http:\/\/dinamitzacio-social-digital.recursos.uoc.edu\/conceptes-claus\/es\/wp-json\/wp\/v2\/users\/1"}],"replies":[{"embeddable":true,"href":"http:\/\/dinamitzacio-social-digital.recursos.uoc.edu\/conceptes-claus\/es\/wp-json\/wp\/v2\/comments?post=184"}],"version-history":[{"count":12,"href":"http:\/\/dinamitzacio-social-digital.recursos.uoc.edu\/conceptes-claus\/es\/wp-json\/wp\/v2\/pages\/184\/revisions"}],"predecessor-version":[{"id":516,"href":"http:\/\/dinamitzacio-social-digital.recursos.uoc.edu\/conceptes-claus\/es\/wp-json\/wp\/v2\/pages\/184\/revisions\/516"}],"wp:attachment":[{"href":"http:\/\/dinamitzacio-social-digital.recursos.uoc.edu\/conceptes-claus\/es\/wp-json\/wp\/v2\/media?parent=184"}],"curies":[{"name":"wp","href":"https:\/\/api.w.org\/{rel}","templated":true}]}}