{"id":191,"date":"2018-12-21T14:00:39","date_gmt":"2018-12-21T12:00:39","guid":{"rendered":"http:\/\/dinamitzacio-social-digital.recursos.uoc.edu\/conceptes-claus\/?page_id=191"},"modified":"2025-01-17T13:29:58","modified_gmt":"2025-01-17T11:29:58","slug":"2-3-la-inclusion-digital","status":"publish","type":"page","link":"http:\/\/dinamitzacio-social-digital.recursos.uoc.edu\/conceptes-claus\/es\/2-3-la-inclusion-digital\/","title":{"rendered":"2.3. La inclusi\u00f3n digital"},"content":{"rendered":"<p>La UE define la inclusi\u00f3n social de la manera siguiente:<\/p>\n<blockquote><p>\u00abProceso que garantiza que aquellos que est\u00e1n en riesgo de exclusi\u00f3n social obtengan las oportunidades y los recursos necesarios para participar de forma plena en la vida econ\u00f3mica, social y cultural y que pueden disfrutar de un estilo de vida que se considera normal en la sociedad en la que viven. Esto garantiza que tengan m\u00e1s participaci\u00f3n en las decisiones que afectan a sus vidas y en el acceso a los derechos fundamentales.\u00bb<\/p>\n<p>European Council (2004). <em>Joint Report by the Commission and the Council on social inclusion<\/em>.<\/p><\/blockquote>\n<p>Una de las cuestiones m\u00e1s importantes para favorecer la inclusi\u00f3n digital de las personas tiene que ver con las acciones y pol\u00edticas de educaci\u00f3n. <a href=\"https:\/\/eur-lex.europa.eu\/legal-content\/ES\/TXT\/PDF\/?uri=CELEX:52020DC0624\" target=\"_blank\" rel=\"noopener\">Dentro del Plan de Acci\u00f3n de la UE para la educaci\u00f3n digital 2021-2027<\/a> pode\u00eds encontrar diferentes principios, prioridades y acciones para favorecer la adecuaci\u00f3n de la educaci\u00f3n y la formaci\u00f3n a la era digital. En este sentido, es necesario destacar que la crisis de la Covid-19 conllev\u00f3 un uso intensivo y a gran escala de la tecnolog\u00eda, especialmente en el \u00e1mbito de la educaci\u00f3n y la formaci\u00f3n. Por eso, dentro de las prioridades de este plan, se incluye fomentar el desarrollo de un ecosistema educativo digital de alto rendimiento, y perfeccionar competencias y capacidades digitales para la transformaci\u00f3n digital. Con la irrupci\u00f3n de la inteligencia artificial y el BigData, la Uni\u00f3n Europea tambi\u00e9n ha publicado un conjunto de<a href=\"https:\/\/learning-corner.learning.europa.eu\/learning-materials\/use-artificial-intelligence-ai-and-data-teaching-and-learning_es\" target=\"_blank\" rel=\"noopener\"> directrices \u00e9ticas<\/a> dirigidas a educadoras y educadores sobre el uso de la IA y los datos en el \u00e1mbito educativo.<\/p>\n<p>Por su parte, y de acuerdo con los principios y prioridades de la UE, la Generalitat de Catalunya public\u00f3 en marzo de 2024 su <a href=\"https:\/\/politiquesdigitals.gencat.cat\/ca\/ciutadania\/drets-responsabilitats\/estrategia-nacional-per-a-la-inclusio-socio-digital\/\" target=\"_blank\" rel=\"noopener\">Estrat\u00e8gia Nacional per a la inclusi\u00f3 sociodigital<\/a>, como una hoja de ruta a seguir en materia de pol\u00edticas p\u00fablicas de inclusi\u00f3n digital en Catalunya para los pr\u00f3ximos a\u00f1os.<\/p>\n<p>Tambi\u00e9n en la l\u00ednea de las prioridades de la UE en materia digital, Espa\u00f1a tambi\u00e9n ha actualizado sus pol\u00edticas p\u00fablicas digitales en <a href=\"https:\/\/portal.mineco.gob.es\/RecursosArticulo\/mineco\/ministerio\/ficheros\/EspanaDigital_2026.pdf\" target=\"_blank\" rel=\"noopener\">Espa\u00f1a Digital 2026.<\/a><\/p>\n<p>En referencia a la inclusi\u00f3n digital, la podemos entender desde una perspectiva doble:<\/p>\n<ol>\n<li>Una primera lectura deriva de la misma definici\u00f3n sobre exclusi\u00f3n digital. En este sentido, entenderemos el proceso de inclusi\u00f3n digital como aquel que permite a las personas disfrutar de todos los derechos y todas las oportunidades derivados del acceso y uso de las TIC.<\/li>\n<li>En una segunda lectura, podemos ver la inclusi\u00f3n digital desde una perspectiva de acci\u00f3n social con el apoyo de las TIC. Es decir, emplear las TIC para promover la cohesi\u00f3n y transformaci\u00f3n social.<\/li>\n<\/ol>\n<div class=\"featured featured-grey\"><\/p>\n<h3>Ejemplos de inclusi\u00f3n digital<\/h3>\n<p>En el Ayuntamiento de Manresa, un grupo de j\u00f3venes hac\u00edan de profesores a colectivos de adultos en un curso de capacitaci\u00f3n digital promovido por el mismo ayuntamiento. Uno de los objetivos del ayuntamiento era promover los servicios de la Administraci\u00f3n electr\u00f3nica a todos los ciudadanos.<\/p>\n<p>Un segundo ejemplo de una iniciativa de inclusi\u00f3n digital dirigida a una comunidad gitana utiliz\u00f3 como pretexto la obtenci\u00f3n del carn\u00e9 de conducir para formar a la mencionada comunidad en el uso de las TIC.<\/p>\n<p>Por su parte, la Fundaci\u00f3 Bofill est\u00e1 impulsando un proyecto para fomentar la equidad digital en el \u00e1mbit educativo. Dentro pod\u00e9is encontrar diferentes experiencias en diversos contextos educativos: <a href=\"https:\/\/equitatdigital.cat\/\" target=\"_blank\" rel=\"noopener\">https:\/\/equitatdigital.cat\/<\/a> <\/p>\n<\/div>\n<p>&nbsp;<\/p>\n<p>La UNESCO, en su documento \u00abDigital Skills for life and work\u00bb del 2017, hace una serie de recomendaciones para que las intervenciones educativas para favorecer la inclusi\u00f3n digital sean efectivas. Algunas de las recomendaciones m\u00e1s destacadas son:<\/p>\n<ul>\n<li>Asegurar la inclusi\u00f3n digital a partir de acciones formativas en el curr\u00edculo escolar y desarrollar acciones informales fuera de las escuelas.<\/li>\n<li>Facilitar la capacitaci\u00f3n digital en las estrategias de fomento del trabajo y ocupabilidad.<\/li>\n<li>Incidir tanto en las competencias digitales \u00abblandas\u00bb (saber emplear la tecnolog\u00eda) como en las \u00abduras\u00bb (que incluyen aspectos de programaci\u00f3n, por ejemplo), as\u00ed como las competencias complementarias (como por ejemplo la adaptabilidad, el trabajo en equipo, etc.).<\/li>\n<li>Incidir en las pol\u00edticas de capacitaci\u00f3n digital de grupos en riesgo de exclusi\u00f3n social.<\/li>\n<li>Mejorar la capacitaci\u00f3n digital de los profesores y maestros.<\/li>\n<li>Desarrollar indicadores de rendimiento de las acciones y pol\u00edticas formativas.<\/li>\n<\/ul>\n<p>Las variables e <a href=\"javascript:void(0);\" class=\"tooltip\" data-toggle=\"popover\" data-placement=\"bottom\" data-content=\"Pod\u00e9is consultar un estudio comparativo sobre el uso de indicadores para medir la inclusi\u00f3n digital en Causado y otros (2016). \u00abAn\u00e1lisis de las variables para evaluar la inclusi\u00f3n digital\u00bb. <em>Revista Gerencia Tecnol\u00f3gica Inform\u00e1tica<\/em> (n\u00fam. 15, vol. 42, p\u00e1gs. 41-51).\" data-placement=\"top\" data-html=\"true\" >indicadores para evaluar la inclusi\u00f3n digital<\/a> generalmente tienen en cuenta: el acceso a servicios digitales b\u00e1sicos, las infraestructuras en TIC, las acciones de formaci\u00f3n digital, las habilidades digitales, las caracter\u00edsticas individuales, la motivaci\u00f3n y percepci\u00f3n o los agentes y servicios de apoyo. Recordad los \u00edndices que hemos mencionado al principio del m\u00f3dulo, en relaci\u00f3n con los indicadores nacionales y europeos sobre la sociedad de la informaci\u00f3n. De cualquier manera, las acciones de capacitaci\u00f3n y formaci\u00f3n, objeto de esta asignatura, constituyen un elemento clave para garantizar la inclusi\u00f3n digital.<\/p>\n","protected":false},"excerpt":{"rendered":"<p>La UE define la inclusi\u00f3n social de la manera siguiente: \u00abProceso que garantiza que aquellos que est\u00e1n en riesgo de exclusi\u00f3n social obtengan las oportunidades y los recursos necesarios para participar de forma plena en la vida econ\u00f3mica, social y cultural y que pueden disfrutar de un estilo de vida que se considera normal en [&hellip;]<\/p>\n","protected":false},"author":1,"featured_media":0,"parent":0,"menu_order":8,"comment_status":"closed","ping_status":"closed","template":"","meta":[],"_links":{"self":[{"href":"http:\/\/dinamitzacio-social-digital.recursos.uoc.edu\/conceptes-claus\/es\/wp-json\/wp\/v2\/pages\/191"}],"collection":[{"href":"http:\/\/dinamitzacio-social-digital.recursos.uoc.edu\/conceptes-claus\/es\/wp-json\/wp\/v2\/pages"}],"about":[{"href":"http:\/\/dinamitzacio-social-digital.recursos.uoc.edu\/conceptes-claus\/es\/wp-json\/wp\/v2\/types\/page"}],"author":[{"embeddable":true,"href":"http:\/\/dinamitzacio-social-digital.recursos.uoc.edu\/conceptes-claus\/es\/wp-json\/wp\/v2\/users\/1"}],"replies":[{"embeddable":true,"href":"http:\/\/dinamitzacio-social-digital.recursos.uoc.edu\/conceptes-claus\/es\/wp-json\/wp\/v2\/comments?post=191"}],"version-history":[{"count":13,"href":"http:\/\/dinamitzacio-social-digital.recursos.uoc.edu\/conceptes-claus\/es\/wp-json\/wp\/v2\/pages\/191\/revisions"}],"predecessor-version":[{"id":434,"href":"http:\/\/dinamitzacio-social-digital.recursos.uoc.edu\/conceptes-claus\/es\/wp-json\/wp\/v2\/pages\/191\/revisions\/434"}],"wp:attachment":[{"href":"http:\/\/dinamitzacio-social-digital.recursos.uoc.edu\/conceptes-claus\/es\/wp-json\/wp\/v2\/media?parent=191"}],"curies":[{"name":"wp","href":"https:\/\/api.w.org\/{rel}","templated":true}]}}