{"id":36,"date":"2018-12-02T12:19:39","date_gmt":"2018-12-02T10:19:39","guid":{"rendered":"http:\/\/dinamitzacio-social-digital.recursos.uoc.edu\/conceptes-claus-en-inclusio-exclusio-i-capacitacio-digital\/?page_id=36"},"modified":"2026-02-09T11:28:52","modified_gmt":"2026-02-09T09:28:52","slug":"1-4-la-digitalitzacio-i-noves-formes-de-relacions-socials","status":"publish","type":"page","link":"http:\/\/dinamitzacio-social-digital.recursos.uoc.edu\/conceptes-claus\/1-4-la-digitalitzacio-i-noves-formes-de-relacions-socials\/","title":{"rendered":"1.4. La digitalitzaci\u00f3 i noves formes de relacions socials"},"content":{"rendered":"<p>Les TIC tenen una ess\u00e8ncia social. La creaci\u00f3 de xarxes socials a internet, l\u2019\u00fas de la telefonia m\u00f2bil, l\u2019acc\u00e9s als videojocs, etc. faciliten la interacci\u00f3 amb les persones i originen noves formes de relacions socials i d\u2019oci amb independ\u00e8ncia de les circumst\u00e0ncies geogr\u00e0fiques o temporals. Pensem, per exemple, en la possibilitat de fer videotrucades, per a connectar persones o fam\u00edlies que es troben allunyats per la seva situaci\u00f3 geogr\u00e0fica. O en un altre extrem, penseu com s\u2019han popularitzat les aplicacions d\u2019internet per a trobar parella.<\/p>\n<p>Les diverses plataformes que s&#8217;utilitzen a internet com, per exemple, les xarxes socials, entre molts altres serveis que actualment ofereix la xarxa, van configurant una \u00abidentitat digital\u00bb de les persones, que pot anar des de la fotografia que posen al seu perfil fins a les informacions que proporcionen, aix\u00ed com els continguts amb els quals interactuen en relaci\u00f3 amb els seus interessos o prefer\u00e8ncies, o all\u00f2 que publiquen. Tot aix\u00f2 s\u00f3n grans quantitats de dades que es recullen-<a href=\"https:\/\/ca.wikipedia.org\/wiki\/Dades_massives\" target=\"_blank\" rel=\"noopener\">Big Data<\/a>-. Al respecte, i en relaci\u00f3 amb aquestes dades, cal tenir especialment en compte aspectes com els <a href=\"https:\/\/www.ted.com\/talks\/eli_pariser_beware_online_filter_bubbles?language=es\" target=\"_blank\" rel=\"noopener\">filtres bombolla <\/a>o l<a href=\"https:\/\/moodle2024-25.ua.es\/moodle\/pluginfile.php\/6501\/mod_resource\/content\/20\/ia_e_identidad_digital.html\" target=\"_blank\" rel=\"noopener\">&#8216;impacte significatiu que la IA i els algorismes<\/a> tenen en aquesta identitat digital, i que pot escapar al control de les persones. Llegiu <a href=\"https:\/\/www.publico.es\/internacional\/eeuu\/aplicaciones-ice-localiza-detiene-personas-migrantes.html?utm_medium=social&amp;utm_campaign=Publico&amp;utm_source=Facebook&amp;fbclid=IwY2xjawP1MMVleHRuA2FlbQIxMQBzcnRjBmFwcF9pZA80MDk5NjI2MjMwODU2MDkAAR6KRE1wgxiG6alIKoWRNFUC8Ad6dgMfFwRJMCNInctjmUJq2MkEzj-aKBcjjQ_aem_8ULCIku2CX6qj64YPgxENA#Echobox=1770476630\">aquesta not\u00edcia<\/a> per veure fins a quin a punt \u00e9s un tema controvertit.<\/p>\n<p>\u00c9s un tema important, per aix\u00f2 el 2024, la Uni\u00f3 Europea va establir aquest <a href=\"https:\/\/eur-lex.europa.eu\/legal-content\/ES\/TXT\/HTML\/?uri=OJ:L_202401183\" target=\"_blank\" rel=\"noopener\">Reglament sobre el Marc Europeu d&#8217;Identitat Digital<\/a>. Tamb\u00e9 podeu consultar aquest<a href=\"https:\/\/digital-strategy.ec.europa.eu\/es\/policies\/virtual-worlds-digital-identity\" target=\"_blank\" rel=\"noopener\"> resum.<\/a><\/p>\n<p>Aquestes din\u00e0miques diverses que es generen quan ens relacionem amb les TIC <strong>no s\u00f3n iguals per a tothom ni afecten de la mateixa manera.<\/strong>\u00a0 Si b\u00e9 \u00e9s cert que aquests escenaris poden generar noves oportunitats, tamb\u00e9 poden generar noves desigualtats en qualsevol \u00e0mbit, o replicar o amplificar les existents. En aquest sentit, us recomanem la lectura de l\u2019estudi realitzat per la Fundaci\u00f3 Ferrer i Gu\u00e0rdia: <a href=\"https:\/\/tecnihand-ferrerguardia.odoo.com\/ca_ES\/blog\/publicacions-3\/bretxes-digitals-70#blog_content\" target=\"_blank\" rel=\"noopener\"><em>Bretxes digitals: noves expressions de les desigualtats. <\/em><\/a>Tamb\u00e9 podeu consultar altres estudis recents duts a terme\u00a0 per aquesta mateixa entitat respecte a les desigualtats i drets en l&#8217;entorn digital <a href=\"https:\/\/www.ferrerguardia.org\/ca_ES\">en aquest enlla\u00e7<\/a>.<\/p>\n<p>Sobre discriminaci\u00f3 algor\u00edtmica i les seves implicacions, podeu ampliar informaci\u00f3 en aquest altre <a href=\"https:\/\/datos.gob.es\/es\/blog\/invisibilizacion-y-discriminacion-algoritmica\" target=\"_blank\" rel=\"noopener\">article.<\/a><\/p>\n<p>I tamb\u00e9 us recomanem donar una ullada a la <a href=\"https:\/\/digital-strategy.ec.europa.eu\/es\/policies\/digital-principles\" target=\"_blank\" rel=\"noopener\">Declaraci\u00f3 Europea sobre els Drets i principis digitals.<\/a><\/p>\n<p>&nbsp;<\/p>\n<p>&nbsp;<\/p>\n<p>&nbsp;<\/p>\n","protected":false},"excerpt":{"rendered":"<p>Les TIC tenen una ess\u00e8ncia social. La creaci\u00f3 de xarxes socials a internet, l\u2019\u00fas de la telefonia m\u00f2bil, l\u2019acc\u00e9s als videojocs, etc. faciliten la interacci\u00f3 amb les persones i originen noves formes de relacions socials i d\u2019oci amb independ\u00e8ncia de les circumst\u00e0ncies geogr\u00e0fiques o temporals. Pensem, per exemple, en la possibilitat de fer videotrucades, per [&hellip;]<\/p>\n","protected":false},"author":1,"featured_media":0,"parent":0,"menu_order":4,"comment_status":"closed","ping_status":"closed","template":"","meta":[],"_links":{"self":[{"href":"http:\/\/dinamitzacio-social-digital.recursos.uoc.edu\/conceptes-claus\/wp-json\/wp\/v2\/pages\/36"}],"collection":[{"href":"http:\/\/dinamitzacio-social-digital.recursos.uoc.edu\/conceptes-claus\/wp-json\/wp\/v2\/pages"}],"about":[{"href":"http:\/\/dinamitzacio-social-digital.recursos.uoc.edu\/conceptes-claus\/wp-json\/wp\/v2\/types\/page"}],"author":[{"embeddable":true,"href":"http:\/\/dinamitzacio-social-digital.recursos.uoc.edu\/conceptes-claus\/wp-json\/wp\/v2\/users\/1"}],"replies":[{"embeddable":true,"href":"http:\/\/dinamitzacio-social-digital.recursos.uoc.edu\/conceptes-claus\/wp-json\/wp\/v2\/comments?post=36"}],"version-history":[{"count":32,"href":"http:\/\/dinamitzacio-social-digital.recursos.uoc.edu\/conceptes-claus\/wp-json\/wp\/v2\/pages\/36\/revisions"}],"predecessor-version":[{"id":514,"href":"http:\/\/dinamitzacio-social-digital.recursos.uoc.edu\/conceptes-claus\/wp-json\/wp\/v2\/pages\/36\/revisions\/514"}],"wp:attachment":[{"href":"http:\/\/dinamitzacio-social-digital.recursos.uoc.edu\/conceptes-claus\/wp-json\/wp\/v2\/media?parent=36"}],"curies":[{"name":"wp","href":"https:\/\/api.w.org\/{rel}","templated":true}]}}