{"id":38,"date":"2018-12-02T12:20:43","date_gmt":"2018-12-02T10:20:43","guid":{"rendered":"http:\/\/dinamitzacio-social-digital.recursos.uoc.edu\/conceptes-claus-en-inclusio-exclusio-i-capacitacio-digital\/?page_id=38"},"modified":"2026-02-09T11:38:58","modified_gmt":"2026-02-09T09:38:58","slug":"1-5-la-societat-digital-a-europa-i-espanya","status":"publish","type":"page","link":"http:\/\/dinamitzacio-social-digital.recursos.uoc.edu\/conceptes-claus\/1-5-la-societat-digital-a-europa-i-espanya\/","title":{"rendered":"1.5. La societat digital a Europa i Espanya"},"content":{"rendered":"<p>La Uni\u00f3 Europea elabora l\u2019\u00edndex anomenat<em> The Digital Economy and Society Index<\/em> (DESI), integrat des de 2023 dins l&#8217;informe <a href=\"https:\/\/digital-decade-desi.digital-strategy.ec.europa.eu\/datasets\/desi\/charts\" target=\"_blank\" rel=\"noopener\"><em>State of the Digital Decade report,<\/em><\/a> que analitza els indicadors europeus de rendiment digital i l\u2019evoluci\u00f3 dels estats membres de la Uni\u00f3 Europea pel que fa a la competitivitat digital, tot supervisant els progressos cap als objectius digitals proposats per la UE, que es concreten en el marc integral <a href=\"https:\/\/digital-strategy.ec.europa.eu\/en\/policies\/europes-digital-decade\" target=\"_blank\" rel=\"noopener\">Europe&#8217;s Digital Decade<\/a>\u00a0a partir de quatre dimensions: compet\u00e8ncies digitals, infraestructures digitals, digitalitzaci\u00f3 de les empreses i digitalitzaci\u00f3 dels serveis p\u00fablics. Podeu consultar els diferents indicadors aix\u00ed com la seva evoluci\u00f3 i comparatives en aquest <a href=\"https:\/\/digital-decade-desi.digital-strategy.ec.europa.eu\/datasets\/desi\/charts\" target=\"_blank\" rel=\"noopener\">enlla\u00e7.<\/a><\/p>\n<p>Al respecte, tot i que s\u2019observa que bona part de la poblaci\u00f3 europea utilitza internet amb regularitat, encara persisteixen algunes barreres. Per exemple, la manca de necessitat o d\u2019inter\u00e8s, juntament amb altres factors com les habilitats insuficients, els costos de l&#8217;equipament i les barreres de costos de connexi\u00f3 elevats. De la mateixa manera, aquests indicadors tamb\u00e9 estan fortament influenciats per diversos aspectes sociodemogr\u00e0fics, com el nivell d\u2019estudis, els ingressos econ\u00f2mics, l\u2019edat o el fet de viure en \u00e0rees rurals o urbanes.<\/p>\n<p>A Catalunya, <a href=\"https:\/\/www.tercersector.cat\/documents\/desconnectades-lindex-catala-de-bretxa-digital\">s&#8217;ha elaborat aquest estudi l&#8217;any 2025 sobre l&#8217;\u00edndex catal\u00e0 de bretxa digital<\/a>, amb diferents dades i comparatives que mostren tots aquests aspectes i la seva incid\u00e8ncia.<\/p>\n<p>Per la seva banda, <em><a href=\"https:\/\/portal.mineco.gob.es\/RecursosArticulo\/mineco\/ministerio\/ficheros\/EspanaDigital_2026.pdf\" target=\"_blank\" rel=\"noopener\">Espa\u00f1a Digital 2026<\/a> <\/em>del govern espanyol es presenta com un full de ruta per a guiar la transformaci\u00f3 digital a Espanya, en la l\u00ednia del marc proposat per la UE. Dins es poden consultar els diferents plans d\u2019acci\u00f3 que van des de la digitalitzaci\u00f3 de les empreses als aspectes de capacitaci\u00f3 digital de la poblaci\u00f3.<\/p>\n","protected":false},"excerpt":{"rendered":"<p>La Uni\u00f3 Europea elabora l\u2019\u00edndex anomenat The Digital Economy and Society Index (DESI), integrat des de 2023 dins l&#8217;informe State of the Digital Decade report, que analitza els indicadors europeus de rendiment digital i l\u2019evoluci\u00f3 dels estats membres de la Uni\u00f3 Europea pel que fa a la competitivitat digital, tot supervisant els progressos cap als [&hellip;]<\/p>\n","protected":false},"author":1,"featured_media":0,"parent":0,"menu_order":5,"comment_status":"closed","ping_status":"closed","template":"","meta":[],"_links":{"self":[{"href":"http:\/\/dinamitzacio-social-digital.recursos.uoc.edu\/conceptes-claus\/wp-json\/wp\/v2\/pages\/38"}],"collection":[{"href":"http:\/\/dinamitzacio-social-digital.recursos.uoc.edu\/conceptes-claus\/wp-json\/wp\/v2\/pages"}],"about":[{"href":"http:\/\/dinamitzacio-social-digital.recursos.uoc.edu\/conceptes-claus\/wp-json\/wp\/v2\/types\/page"}],"author":[{"embeddable":true,"href":"http:\/\/dinamitzacio-social-digital.recursos.uoc.edu\/conceptes-claus\/wp-json\/wp\/v2\/users\/1"}],"replies":[{"embeddable":true,"href":"http:\/\/dinamitzacio-social-digital.recursos.uoc.edu\/conceptes-claus\/wp-json\/wp\/v2\/comments?post=38"}],"version-history":[{"count":18,"href":"http:\/\/dinamitzacio-social-digital.recursos.uoc.edu\/conceptes-claus\/wp-json\/wp\/v2\/pages\/38\/revisions"}],"predecessor-version":[{"id":517,"href":"http:\/\/dinamitzacio-social-digital.recursos.uoc.edu\/conceptes-claus\/wp-json\/wp\/v2\/pages\/38\/revisions\/517"}],"wp:attachment":[{"href":"http:\/\/dinamitzacio-social-digital.recursos.uoc.edu\/conceptes-claus\/wp-json\/wp\/v2\/media?parent=38"}],"curies":[{"name":"wp","href":"https:\/\/api.w.org\/{rel}","templated":true}]}}