{"id":41,"date":"2018-12-02T12:37:38","date_gmt":"2018-12-02T10:37:38","guid":{"rendered":"http:\/\/dinamitzacio-social-digital.recursos.uoc.edu\/conceptes-claus-en-inclusio-exclusio-i-capacitacio-digital\/?page_id=41"},"modified":"2026-01-26T12:45:54","modified_gmt":"2026-01-26T10:45:54","slug":"2-1-aproximacio-al-concepte-dexclusio-social","status":"publish","type":"page","link":"http:\/\/dinamitzacio-social-digital.recursos.uoc.edu\/conceptes-claus\/2-1-aproximacio-al-concepte-dexclusio-social\/","title":{"rendered":"2.1. Aproximaci\u00f3 al concepte d\u2019exclusi\u00f3 social"},"content":{"rendered":"<p>El concepte d\u2019exclusi\u00f3 social sorgeix en el context dels debats al voltant dels sectors m\u00e9s desafavorits de la societat; tot i que inicialment estava associat al concepte de pobresa, en els darrers anys ha adquirit una concepci\u00f3 multidimensional i engloba molts altres factors. En aquest sentit, el concepte d\u2019exclusi\u00f3 social pot ser dif\u00edcil de definir, ja que es pot entendre des del punt de vista de factors estructurals o des del punt de vista de les experi\u00e8ncies de vida individuals, tal com afirmen <a href=\"javascript:void(0);\" class=\"tooltip\" data-toggle=\"popover\" data-placement=\"bottom\" data-content=\"Mervyn <em>et al<\/em>. (2014). \u00abDigital inclusion and social inclusion: a tale of two cities\u00bb. <em>Information, communication and society<\/em> (vol. 17, n\u00fam. 9, p\u00e0g. 1086-1104). Aquest treball de recerca planteja una reflexi\u00f3 interessant sobre com les tecnologies m\u00f2bils poden influir en l\u2019exclusi\u00f3 social.\" data-placement=\"top\" data-html=\"true\">Mervyn <em>et al<\/em>. (2014)<\/a>.<\/p>\n<p>La definici\u00f3 seg\u00fcent ens proporciona una visi\u00f3 \u00e0mplia del concepte d\u2019exclusi\u00f3, i ens pot servir com a punt de partida per a afrontar noves formes d\u2019exclusi\u00f3.<\/p>\n<div class=\"featured featured-blue\"><p>Entenem per <strong>exclusi\u00f3 social<\/strong> el conjunt de processos a partir dels quals individus o grups no poden participar de manera plena en la societat en qu\u00e8 viuen i, per tant, gaudir d\u2019una s\u00e8rie de drets de tipus pol\u00edtic, laboral, econ\u00f2mic o social.<\/p>\n<\/div>\n<p>Per a la Uni\u00f3 Europea, l\u2019exclusi\u00f3 social consisteix en el seg\u00fcent:<\/p>\n<blockquote><p>\u00abProc\u00e9s en qu\u00e8 determinats individus estan separats de la societat i no hi poden participar de manera plena per la seva pobresa, o la <strong>manca de compet\u00e8ncies b\u00e0siques i d\u2019oportunitats d\u2019aprenentatge al llarg de la vida<\/strong>, o com a resultat d\u2019una discriminaci\u00f3. Aix\u00f2 els distancia del treball, de les oportunitats d\u2019educaci\u00f3 i de la participaci\u00f3 en xarxes socials i comunit\u00e0ries.\u00bb<\/p>\n<p>Consell Europeu (2004). \u00abJoint Report by the Commission and the Council of Social Inclusion\u00bb.<\/p><\/blockquote>\n<p>De les definicions anteriors podem remarcar que l\u2019exclusi\u00f3 social fa que hi hagi individus que no poden gaudir plenament de determinats drets i avantatges propis de la societat on viuen. Per tant, caldr\u00e0 saber quins s\u00f3n aquests drets i oportunitats i quines condicions poden crear situacions desfavorables per a determinades persones.<\/p>\n<p>La mateixa Uni\u00f3 Europea identifica un seguit de canvis estructurals en la societat que tenen un fort impacte en els processos d\u2019exclusi\u00f3 social i que, per tant, cal tenir en compte a l\u2019hora d\u2019abordar-la. Els canvis principals, alguns dels quals ja hav\u00edem apuntat, s\u00f3n els seg\u00fcents:<\/p>\n<ul>\n<li>Canvis en les condicions d\u2019acc\u00e9s al mercat de treball i de les habilitats demanades.<\/li>\n<li>Increment en l\u2019esperan\u00e7a de vida de la poblaci\u00f3 i, en conseq\u00fc\u00e8ncia, de la demanda de serveis de salut.<\/li>\n<li>Immigraci\u00f3 i diversitat \u00e8tnica creixent.<\/li>\n<li>Canvis en les estructures familiars.<\/li>\n<li>Emancipaci\u00f3 de la dona.<\/li>\n<li>Impacte de les TIC i altres tecnologies.<\/li>\n<\/ul>\n<p>Una altra manera cl\u00e0ssica d\u2019abordar l\u2019estudi de les condicions que poden provocar una situaci\u00f3 d\u2019exclusi\u00f3 \u00e9s a partir de l\u2019an\u00e0lisi de les seves dimensions, que tradicionalment s\u2019agrupen de la manera seg\u00fcent:<\/p>\n<ul>\n<li><strong>Dimensi\u00f3 estructural o econ\u00f2mica<\/strong>, que est\u00e0 relacionada amb la manca de recursos materials o d\u2019acc\u00e9s a aquests, i se centren principalment en les dificultats per a accedir a un lloc de treball o tenir una situaci\u00f3 prec\u00e0ria en el mercat laboral.<\/li>\n<li><strong>Dimensi\u00f3 pol\u00edtica<\/strong>, que implica les possibilitats de participar democr\u00e0ticament i estar representat en les decisions que afecten la vida dels individus.<\/li>\n<li><strong>Dimensi\u00f3 social i personal<\/strong>, que est\u00e0 lligada a tots els aspectes vinculats amb la vida emocional i de salut d\u2019una persona.<\/li>\n<\/ul>\n<p>Per tal de lluitar contra l\u2019exclusi\u00f3 social, el Ministeri de Drets Socials i Agenda 2030 ha elaborat la <a href=\"https:\/\/www.dsca.gob.es\/sites\/default\/files\/derechos-sociales\/inclusion\/docs\/EstrategiaPrevencionPobreza.pdf\" target=\"_blank\" rel=\"noopener\">Estrategia Nacional de Prevenci\u00f3n y Lucha contra la Pobreza y la Exclusi\u00f3n Social 2024-2030<\/a>. Alguns dels factors principals que incideixen en l\u2019exclusi\u00f3 social s\u00f3n la manca d\u2019acc\u00e9s al mercat de treball o situaci\u00f3 d\u2019atur, l\u2019educaci\u00f3, l\u2019habitatge i la depend\u00e8ncia.<\/p>\n<p>Altres <a href=\"javascript:void(0);\" class=\"tooltip\" data-toggle=\"popover\" data-placement=\"bottom\" data-content=\" Podeu consultar el document <a href='https:\/\/www.bancodealimentos.es\/wp-content\/uploads\/2017\/10\/Exclusion-social.pdf' target='_blank'>\u00abLa exclusi\u00f3n social en Espa\u00f1a: factores, colectivos en riesgo y el papel de los bancos de alimentos\u00bb<\/a> d\u2019A. Alfonso y S. Sastre (2017), c\u00e0tedra Banc d\u2019Aliments de la UPM, per a una visi\u00f3 de les diferents accions dutes a terme per les comunitats aut\u00f2nomes espanyoles sobre aquest tema.\" data-placement=\"top\" data-html=\"true\" >condicions d\u2019exclusi\u00f3 social<\/a> poden ser provocades per aspectes com: motius geogr\u00e0fics o manca de relacions socials o familiars, entre altres. Cal apuntar que les persones que es podrien identificar amb alguna d\u2019aquestes situacions de risc poden no tenir consci\u00e8ncia de la seva situaci\u00f3 d\u2019exclusi\u00f3, o no percebre la necessitat de sentir-se excloses (tot i que aix\u00f2 pugui significar una p\u00e8rdua de qualitat de vida), at\u00e8s que l\u2019entorn d\u2019una persona determina els seus referents i, per tant, les seves expectatives.<\/p>\n<div class=\"featured featured-blue\"><p>A partir del que hem exposat fins ara podem dir que un individu es troba en una situaci\u00f3 d\u2019exclusi\u00f3 quan, per motius diversos, t\u00e9 dificultats per a gaudir de determinats drets que altres individus del seu entorn poden gaudir, o no es pot desenvolupar en les mateixes condicions que ells i, com a conseq\u00fc\u00e8ncia, es veu privat d\u2019exercir opcions considerades molt importants per al seu desenvolupament hum\u00e0.<\/p>\n<\/div>\n<p>Dels elements exposats fins ara ens centrarem en un aspecte clau al voltant del qual articularem la resta d\u2019apartats: <strong>l\u2019acc\u00e9s i la capacitaci\u00f3 de les persones en relaci\u00f3 amb les TIC<\/strong>.<\/p>\n","protected":false},"excerpt":{"rendered":"<p>El concepte d\u2019exclusi\u00f3 social sorgeix en el context dels debats al voltant dels sectors m\u00e9s desafavorits de la societat; tot i que inicialment estava associat al concepte de pobresa, en els darrers anys ha adquirit una concepci\u00f3 multidimensional i engloba molts altres factors. En aquest sentit, el concepte d\u2019exclusi\u00f3 social pot ser dif\u00edcil de definir, [&hellip;]<\/p>\n","protected":false},"author":1,"featured_media":0,"parent":0,"menu_order":6,"comment_status":"closed","ping_status":"closed","template":"","meta":[],"_links":{"self":[{"href":"http:\/\/dinamitzacio-social-digital.recursos.uoc.edu\/conceptes-claus\/wp-json\/wp\/v2\/pages\/41"}],"collection":[{"href":"http:\/\/dinamitzacio-social-digital.recursos.uoc.edu\/conceptes-claus\/wp-json\/wp\/v2\/pages"}],"about":[{"href":"http:\/\/dinamitzacio-social-digital.recursos.uoc.edu\/conceptes-claus\/wp-json\/wp\/v2\/types\/page"}],"author":[{"embeddable":true,"href":"http:\/\/dinamitzacio-social-digital.recursos.uoc.edu\/conceptes-claus\/wp-json\/wp\/v2\/users\/1"}],"replies":[{"embeddable":true,"href":"http:\/\/dinamitzacio-social-digital.recursos.uoc.edu\/conceptes-claus\/wp-json\/wp\/v2\/comments?post=41"}],"version-history":[{"count":12,"href":"http:\/\/dinamitzacio-social-digital.recursos.uoc.edu\/conceptes-claus\/wp-json\/wp\/v2\/pages\/41\/revisions"}],"predecessor-version":[{"id":496,"href":"http:\/\/dinamitzacio-social-digital.recursos.uoc.edu\/conceptes-claus\/wp-json\/wp\/v2\/pages\/41\/revisions\/496"}],"wp:attachment":[{"href":"http:\/\/dinamitzacio-social-digital.recursos.uoc.edu\/conceptes-claus\/wp-json\/wp\/v2\/media?parent=41"}],"curies":[{"name":"wp","href":"https:\/\/api.w.org\/{rel}","templated":true}]}}