{"id":254,"date":"2018-12-21T15:39:30","date_gmt":"2018-12-21T13:39:30","guid":{"rendered":"http:\/\/dinamitzacio-social-digital.recursos.uoc.edu\/contextos-exclusio\/?page_id=254"},"modified":"2026-02-07T12:17:21","modified_gmt":"2026-02-07T10:17:21","slug":"1-1-introduccion","status":"publish","type":"page","link":"http:\/\/dinamitzacio-social-digital.recursos.uoc.edu\/contextos-exclusio\/es\/1-1-introduccion\/","title":{"rendered":"1.1. Introducci\u00f3n"},"content":{"rendered":"<blockquote><p>(&#8230;) En efecto, la sucesi\u00f3n de cambios disruptivos ya no es patrimonio exclusivo<br \/>\nde la tecnolog\u00eda, como pudimos comprender de manera dram\u00e1tica con la<br \/>\nexperiencia de la COVID-19. Y ya no cabe hablar de los efectos de la digitalizaci\u00f3n en la sociedad, porque digitalizaci\u00f3n y sociedad forman parte de<br \/>\nun continuo; son la misma cosa. (\u2026) Los riesgos de la brecha digital y la necesidad de recapacitaci\u00f3n en competencias digitales, o sobre la necesidad de una legislaci\u00f3n que garantice los derechos de la ciudadan\u00eda y establezca unas reglas del juego justas que permitan el desarrollo de productos y servicios digitales en beneficio de<br \/>\nla sociedad. (&#8230;)<\/p>\n<p>J. M. \u00c1lvarez (2022). Presentaci\u00f3n del \u00ab<a href=\"https:\/\/publiadmin.fundaciontelefonica.com\/index.php\/publicaciones\/add_descargas?tipo_fichero=pdf&amp;idioma_fichero=es_es&amp;pais=Espa%C3%B1a&amp;title=Sociedad+Digital+en+Espa%C3%B1a+2023&amp;code=780&amp;lang=es&amp;file=Sociedad_Digital_en_Espana_2023.pdf&amp;_gl=1*1jypiul*_ga*MjkxMTE0NzQwLjE2NTQxNzU3NDc.*_ga_PNZMSJH10D*MTcwOTUzODQ3My43LjEuMTcwOTUzODQ3NS4wLjAuMA..&amp;_ga=2.103055172.539186055.1709538474-291114740.1654175747\" target=\"_blank\" rel=\"noopener\">Sociedad Digital en Espa\u00f1a 2023<\/a>\u00bb..<\/p><\/blockquote>\n<p data-path-to-node=\"3\">Esta cita de J. M. \u00c1lvarez, presidente de Telef\u00f3nica en la presentaci\u00f3n del informe \u00abSociedad Digital en Espa\u00f1a 2023\u00bb, nos ilustra algunos de los riesgos importantes de lo que implica esta acelerada revoluci\u00f3n tecnol\u00f3gica en la que estamos inmersos, que est\u00e1 configurando una nueva realidad. Es necesario, pues, estar preparadas y preparados para encararla, ya que esta atraviesa toda la esfera social, configurando nuevos escenarios o transform\u00e1ndolos.<\/p>\n<p data-path-to-node=\"4\">En este sentido, cobra importancia el concepto de <b data-path-to-node=\"4\" data-index-in-node=\"50\">inclusi\u00f3n digital <\/b>(o<em> e-inclusi\u00f3n<\/em>) para garantizar que todas y todos podamos formar parte de ella de manera activa, para poder beneficiarnos, participar y construir esta sociedad digital, contribuyendo a ella de manera cr\u00edtica y reflexiva.<\/p>\n<p data-path-to-node=\"5\">En este sentido, teniendo en cuenta que las inequidades sociales son la base de la exclusi\u00f3n social, y estas tienen lugar cuando los individuos o los grupos sociales no se benefician de la misma manera de las oportunidades para alcanzar los objetivos definidos y deseables de la sociedad, la inclusi\u00f3n digital (o e-inclusi\u00f3n), seg\u00fan algunos estudios, se podr\u00eda definir como aquel conjunto de acciones y de condiciones que tienen como objetivo contribuir y asegurar que todas las personas puedan participar de manera plena en la actual sociedad digital y ejercer sus derechos. Para que esto sea posible, se hace necesario tener acceso a dispositivos y conexiones fiables, y saber utilizarlos con seguridad para poder acceder a servicios y oportunidades sin barreras (Cartoixa, J. 2025).<\/p>\n<p data-path-to-node=\"6\">\u00bfQu\u00e9 factores influyen en un desarrollo adecuado de la sociedad digital? (Recordad que nos centraremos en Europa, Espa\u00f1a y Catalu\u00f1a). Ve\u00e1moslo a continuaci\u00f3n.<\/p>\n","protected":false},"excerpt":{"rendered":"<p>(&#8230;) En efecto, la sucesi\u00f3n de cambios disruptivos ya no es patrimonio exclusivo de la tecnolog\u00eda, como pudimos comprender de manera dram\u00e1tica con la experiencia de la COVID-19. Y ya no cabe hablar de los efectos de la digitalizaci\u00f3n en la sociedad, porque digitalizaci\u00f3n y sociedad forman parte de un continuo; son la misma cosa. [&hellip;]<\/p>\n","protected":false},"author":1,"featured_media":0,"parent":0,"menu_order":0,"comment_status":"closed","ping_status":"closed","template":"","meta":[],"_links":{"self":[{"href":"http:\/\/dinamitzacio-social-digital.recursos.uoc.edu\/contextos-exclusio\/es\/wp-json\/wp\/v2\/pages\/254"}],"collection":[{"href":"http:\/\/dinamitzacio-social-digital.recursos.uoc.edu\/contextos-exclusio\/es\/wp-json\/wp\/v2\/pages"}],"about":[{"href":"http:\/\/dinamitzacio-social-digital.recursos.uoc.edu\/contextos-exclusio\/es\/wp-json\/wp\/v2\/types\/page"}],"author":[{"embeddable":true,"href":"http:\/\/dinamitzacio-social-digital.recursos.uoc.edu\/contextos-exclusio\/es\/wp-json\/wp\/v2\/users\/1"}],"replies":[{"embeddable":true,"href":"http:\/\/dinamitzacio-social-digital.recursos.uoc.edu\/contextos-exclusio\/es\/wp-json\/wp\/v2\/comments?post=254"}],"version-history":[{"count":10,"href":"http:\/\/dinamitzacio-social-digital.recursos.uoc.edu\/contextos-exclusio\/es\/wp-json\/wp\/v2\/pages\/254\/revisions"}],"predecessor-version":[{"id":1020,"href":"http:\/\/dinamitzacio-social-digital.recursos.uoc.edu\/contextos-exclusio\/es\/wp-json\/wp\/v2\/pages\/254\/revisions\/1020"}],"wp:attachment":[{"href":"http:\/\/dinamitzacio-social-digital.recursos.uoc.edu\/contextos-exclusio\/es\/wp-json\/wp\/v2\/media?parent=254"}],"curies":[{"name":"wp","href":"https:\/\/api.w.org\/{rel}","templated":true}]}}