{"id":26,"date":"2018-12-10T00:55:47","date_gmt":"2018-12-09T22:55:47","guid":{"rendered":"http:\/\/dinamitzacio-social-digital.recursos.uoc.edu\/contextos-exclusio\/?page_id=26"},"modified":"2026-02-07T12:15:32","modified_gmt":"2026-02-07T10:15:32","slug":"1-1-introduccio","status":"publish","type":"page","link":"http:\/\/dinamitzacio-social-digital.recursos.uoc.edu\/contextos-exclusio\/1-1-introduccio\/","title":{"rendered":"1.1. Introducci\u00f3"},"content":{"rendered":"<blockquote><p>\u00ab(&#8230;) En efecto, la sucesi\u00f3n de cambios disruptivos ya no es patrimonio exclusivo<br \/>\nde la tecnolog\u00eda, como pudimos comprender de manera dram\u00e1tica con la<br \/>\nexperiencia de la COVID-19. Y ya no cabe hablar de los efectos de la digitalizaci\u00f3n en la sociedad, porque digitalizaci\u00f3n y sociedad forman parte de<br \/>\nun continuo; son la misma cosa. (&#8230;) Los riesgos de la brecha digital y la necesidad de recapacitaci\u00f3n en competencias digitales, o sobre la necesidad de una legislaci\u00f3n que garantice los derechos de la ciudadan\u00eda y establezca unas reglas del juego justas que permitan el desarrollo de productos y servicios digitales en beneficio de<br \/>\nla sociedad (&#8230;)\u00bb<\/p>\n<p>J. M. \u00c1lvarez (2023). <a href=\"https:\/\/publiadmin.fundaciontelefonica.com\/index.php\/publicaciones\/add_descargas?tipo_fichero=pdf&amp;idioma_fichero=es_es&amp;pais=Espa%C3%B1a&amp;title=Sociedad+Digital+en+Espa%C3%B1a+2023&amp;code=780&amp;lang=es&amp;file=Sociedad_Digital_en_Espana_2023.pdf&amp;_gl=1*1jypiul*_ga*MjkxMTE0NzQwLjE2NTQxNzU3NDc.*_ga_PNZMSJH10D*MTcwOTUzODQ3My43LjEuMTcwOTUzODQ3NS4wLjAuMA..&amp;_ga=2.103055172.539186055.1709538474-291114740.1654175747\">Presentaci\u00f3 de l\u2019informe \u00abSociedad Digital en Espa\u00f1a 2023<\/a>\u00bb.<\/p><\/blockquote>\n<p>Aquesta cita de J. M. \u00c1lvarez, president de Telef\u00f3nica en la presentaci\u00f3 de l\u2019informe \u00abSociedad Digital en Espa\u00f1a 2023\u00bb ens il\u00b7lustra alguns dels riscos importants del que implica aquesta accelerada revoluci\u00f3 tecnol\u00f2gica en la qual estem immersos, que est\u00e0 configurant una nova realitat. Cal doncs estar preparades i preparats per encarar-la,\u00a0 ja que aquesta travessa tota l&#8217;esfera social, configurant nous escenaris o transformant-los. En aquest sentit, cobra import\u00e0ncia el concepte d\u2019<strong>inclusi\u00f3 digital<\/strong> (o<em> e-inclusi\u00f3<\/em>)<em>\u00a0<\/em>per tal de garantir que totes i tots puguem formar-ne part de manera activa, per a poder beneficiar-nos, participar i construir aquesta societat digital, contribuint-hi de manera cr\u00edtica i reflexiva. En aquest sentit, tenint en compte que les iniquitats socials s\u00f3n la base de l\u2019exclusi\u00f3 social, i aquestes tenen lloc quan els individus o els grups socials no es beneficien de la mateixa manera de les oportunitats per assolir els objectius definits i desitjables de la societat,\u00a0 la inclusi\u00f3 digital (o e-inclusi\u00f3), segons alguns estudis, es podria definir com aquell conjunt d\u2019accions i de condicions, les quals tenen com a objectiu contribuir i assegurar que totes les persones puguin participar de manera plena en l&#8217;actual societat digital, i exercir els seus drets. Perqu\u00e8 aix\u00f2 sigui possible, es fa necessari tenir acc\u00e9s a dispositius i connexions fiables, i saber-los utilitzar amb seguretat per a poder accedir a serveis i oportunitats sense barreres (Cartoixa, J. 2025).<\/p>\n<p>Quins factors influeixen en un desenvolupament adequat de la societat digital? (recordeu que ens centrarem en Europa, Espanya i Catalunya). Vegem-ho a continuaci\u00f3.<\/p>\n","protected":false},"excerpt":{"rendered":"<p>\u00ab(&#8230;) En efecto, la sucesi\u00f3n de cambios disruptivos ya no es patrimonio exclusivo de la tecnolog\u00eda, como pudimos comprender de manera dram\u00e1tica con la experiencia de la COVID-19. Y ya no cabe hablar de los efectos de la digitalizaci\u00f3n en la sociedad, porque digitalizaci\u00f3n y sociedad forman parte de un continuo; son la misma cosa. [&hellip;]<\/p>\n","protected":false},"author":1,"featured_media":0,"parent":0,"menu_order":0,"comment_status":"closed","ping_status":"closed","template":"","meta":[],"_links":{"self":[{"href":"http:\/\/dinamitzacio-social-digital.recursos.uoc.edu\/contextos-exclusio\/wp-json\/wp\/v2\/pages\/26"}],"collection":[{"href":"http:\/\/dinamitzacio-social-digital.recursos.uoc.edu\/contextos-exclusio\/wp-json\/wp\/v2\/pages"}],"about":[{"href":"http:\/\/dinamitzacio-social-digital.recursos.uoc.edu\/contextos-exclusio\/wp-json\/wp\/v2\/types\/page"}],"author":[{"embeddable":true,"href":"http:\/\/dinamitzacio-social-digital.recursos.uoc.edu\/contextos-exclusio\/wp-json\/wp\/v2\/users\/1"}],"replies":[{"embeddable":true,"href":"http:\/\/dinamitzacio-social-digital.recursos.uoc.edu\/contextos-exclusio\/wp-json\/wp\/v2\/comments?post=26"}],"version-history":[{"count":15,"href":"http:\/\/dinamitzacio-social-digital.recursos.uoc.edu\/contextos-exclusio\/wp-json\/wp\/v2\/pages\/26\/revisions"}],"predecessor-version":[{"id":1019,"href":"http:\/\/dinamitzacio-social-digital.recursos.uoc.edu\/contextos-exclusio\/wp-json\/wp\/v2\/pages\/26\/revisions\/1019"}],"wp:attachment":[{"href":"http:\/\/dinamitzacio-social-digital.recursos.uoc.edu\/contextos-exclusio\/wp-json\/wp\/v2\/media?parent=26"}],"curies":[{"name":"wp","href":"https:\/\/api.w.org\/{rel}","templated":true}]}}