{"id":110,"date":"2018-12-27T11:11:42","date_gmt":"2018-12-27T09:11:42","guid":{"rendered":"http:\/\/dinamitzacio-social-digital.recursos.uoc.edu\/praxis-politiques\/?page_id=110"},"modified":"2026-02-16T12:47:28","modified_gmt":"2026-02-16T10:47:28","slug":"1-2-marco-juridico-algunas-directivas-europeas-generales","status":"publish","type":"page","link":"http:\/\/dinamitzacio-social-digital.recursos.uoc.edu\/praxis-politiques\/es\/1-2-marco-juridico-algunas-directivas-europeas-generales\/","title":{"rendered":"1.2. Marco jur\u00eddico: algunas directivas europeas generales"},"content":{"rendered":"<p>La Declaraci\u00f3n de Lisboa invitaba a acelerar el proceso de creaci\u00f3n de un marco legal para el desarrollo de la econom\u00eda del conocimiento en la UE. Esta parte de la declaraci\u00f3n ha generado la redacci\u00f3n de varias <a href=\"javascript:void(0);\" class=\"tooltip\" data-toggle=\"popover\" data-placement=\"bottom\" data-content=\"Hay que decir que una directiva no es un texto de aplicaci\u00f3n legal, sino una serie de recomendaciones sobre c\u00f3mo cada Estado miembro tiene que desarrollar un c\u00f3digo legal al respecto.<br>Pod\u00e9is consultar la Declaraci\u00f3n de Lisboa \u2013en espa\u00f1ol\u2013 en la direcci\u00f3n siguiente: <a href='http:\/\/www.europarl.europa.eu\/summits\/lis1_es.htm' target='_blank'>http:\/\/www.europarl.europa.eu\/summits\/lis1_es.htm<\/a>.\" data-placement=\"top\" data-html=\"true\" >directivas <\/a> que regulan toda una serie de procesos relacionados con las TIC. Lo que todav\u00eda no hay es una directiva espec\u00edfica en torno a la capacitaci\u00f3n digital, pero s\u00ed encontramos algunas otras directivas que tienen una relaci\u00f3n importante con lo que hemos denominado <strong>dimensi\u00f3n social y personal en la lucha contra la exclusi\u00f3n<\/strong>. B\u00e1sicamente, nos referimos a las leyes que protegen los derechos y las libertades de los ciudadanos de la UE en el mundo digital.<\/p>\n<div class=\"featured featured-grey\"><\/p>\n<h3>Ejemplos<\/h3>\n<ul>\n<li><strong>La Directiva para regular el comercio electr\u00f3nico<\/strong>, a la que pod\u00e9is acceder desde <a href=\"https:\/\/digital-strategy.ec.europa.eu\/es\/policies\/e-commerce-directive\" target=\"_blank\" rel=\"noopener\">este enlace<\/a>. En esta directiva se incluyen aspectos como los requisitos de transparencia e informaci\u00f3n para los proveedores de servicios en l\u00ednea, las comunicaciones comerciales y los contratos electr\u00f3nicos, as\u00ed como las limitaciones de responsabilidad de los prestadores de servicios intermediarios. En relaci\u00f3n con esta, tambi\u00e9n se puede encontrar el <a href=\"https:\/\/digital-strategy.ec.europa.eu\/es\/policies\/eudi-regulation\" target=\"_blank\" rel=\"noopener\">Reglamento sobre la identidad digital europea<\/a>\u00a0(EUDI).<\/li>\n<li>La Directiva para la protecci\u00f3n de datos GDPR (<em>General Data Protection Regulation<\/em>) pone limitaciones al almacenamiento de datos personales por parte de empresas y organismos oficiales sin consentimiento expreso del interesado, el uso de galletas, etc., y que es de aplicaci\u00f3n obligatoria desde mayo del 2018. Encontrar\u00e9is m\u00e1s informaci\u00f3n en la web oficial: <a href=\"https:\/\/gdpr.eu\/\" target=\"_blank\" rel=\"noopener\">https:\/\/www.gdpr.eu<\/a><\/li>\n<li>Los c\u00f3digos penales de los diferentes estados miembros tambi\u00e9n regulan los aspectos del mundo de las TIC que pueden derivar en conductas criminales, como por ejemplo el sabotaje inform\u00e1tico, el espionaje industrial con medios digitales, etc. En estos casos, pese a la existencia de una directiva sobre ciberdelito, las leyes var\u00edan m\u00e1s, puesto que los estados tienen m\u00e1s libertad a la hora de crear sus c\u00f3digos penales. Pod\u00e9is encontrar el texto de esta directiva en el enlace: <a href=\"https:\/\/www.boe.es\/doue\/2013\/218\/L00008-00014.pdf\" target=\"_blank\" rel=\"noopener\">https:\/\/www.boe.es\/doue\/2013\/218\/l00008-00014.pdf<\/a>. Tambi\u00e9n os recomendamos la lectura de esta comunicaci\u00f3n de la Comisi\u00f3n Europea sobre la Estrategia de la UE en materia de seguridad teniendo en cuenta el panorama actual: <a href=\"https:\/\/eur-lex.europa.eu\/legal-content\/ES\/TXT\/PDF\/?uri=CELEX:52020DC0605&amp;from=ES\" target=\"_blank\" rel=\"noopener\">https:\/\/eur-lex.europa.eu\/legal-content\/ES\/TXT\/PDF\/?uri=CELEX:52020DC0605&amp;from=ES<\/a><\/li>\n<li><\/li>\n<\/ul>\n<p>\n<\/div>\n<div class=\"featured featured-blue\"><p>As\u00ed, cuando hablamos de <strong>capacitaci\u00f3n digital<\/strong>, es importante que no olvidemos la dimensi\u00f3n de los derechos digitales: no es suficiente garantizar el acceso y el aprovechamiento de la sociedad de la informaci\u00f3n; es necesario asegurar igualmente que las libertades y los derechos b\u00e1sicos estan garantizados. En este sentido, se dispone de la <a href=\"https:\/\/digital-strategy.ec.europa.eu\/es\/policies\/digital-principles\" target=\"_blank\" rel=\"noopener\">Declaraci\u00f3n Europea sobre Derechos y Principios Digitales.<\/a> Dentro se contemplan aspectos como poner a las personas y sus derechos en el centro de la transformaci\u00f3n digital, el apoyo a la solidaridad y la inclusi\u00f3n, as\u00ed como garantizar la libertad de elecci\u00f3n en l\u00ednea, fomentar la participaci\u00f3n en el espacio p\u00fablico digital, aumentar la seguridad y el empoderamiento de las personas y promover la sostenibilidad\u00a0 del futuro digital. Es necesario observar y analizar hasta qu\u00e9 punto el modelo tecnol\u00f3gico imperante, que proviene, precisamente, de empresas no europeas, respeta estas premisas.<\/p>\n<\/div>\n","protected":false},"excerpt":{"rendered":"<p>La Declaraci\u00f3n de Lisboa invitaba a acelerar el proceso de creaci\u00f3n de un marco legal para el desarrollo de la econom\u00eda del conocimiento en la UE. Esta parte de la declaraci\u00f3n ha generado la redacci\u00f3n de varias que regulan toda una serie de procesos relacionados con las TIC. Lo que todav\u00eda no hay es una [&hellip;]<\/p>\n","protected":false},"author":1,"featured_media":0,"parent":0,"menu_order":0,"comment_status":"closed","ping_status":"closed","template":"","meta":[],"_links":{"self":[{"href":"http:\/\/dinamitzacio-social-digital.recursos.uoc.edu\/praxis-politiques\/es\/wp-json\/wp\/v2\/pages\/110"}],"collection":[{"href":"http:\/\/dinamitzacio-social-digital.recursos.uoc.edu\/praxis-politiques\/es\/wp-json\/wp\/v2\/pages"}],"about":[{"href":"http:\/\/dinamitzacio-social-digital.recursos.uoc.edu\/praxis-politiques\/es\/wp-json\/wp\/v2\/types\/page"}],"author":[{"embeddable":true,"href":"http:\/\/dinamitzacio-social-digital.recursos.uoc.edu\/praxis-politiques\/es\/wp-json\/wp\/v2\/users\/1"}],"replies":[{"embeddable":true,"href":"http:\/\/dinamitzacio-social-digital.recursos.uoc.edu\/praxis-politiques\/es\/wp-json\/wp\/v2\/comments?post=110"}],"version-history":[{"count":8,"href":"http:\/\/dinamitzacio-social-digital.recursos.uoc.edu\/praxis-politiques\/es\/wp-json\/wp\/v2\/pages\/110\/revisions"}],"predecessor-version":[{"id":244,"href":"http:\/\/dinamitzacio-social-digital.recursos.uoc.edu\/praxis-politiques\/es\/wp-json\/wp\/v2\/pages\/110\/revisions\/244"}],"wp:attachment":[{"href":"http:\/\/dinamitzacio-social-digital.recursos.uoc.edu\/praxis-politiques\/es\/wp-json\/wp\/v2\/media?parent=110"}],"curies":[{"name":"wp","href":"https:\/\/api.w.org\/{rel}","templated":true}]}}